{"id":4495,"date":"2025-06-19T13:28:11","date_gmt":"2025-06-19T13:28:11","guid":{"rendered":"https:\/\/almanthiahotel.com\/hotel\/"},"modified":"2025-11-26T10:44:50","modified_gmt":"2025-11-26T10:44:50","slug":"hotel","status":"publish","type":"page","link":"https:\/\/almanthiahotel.com\/de\/hotel\/","title":{"rendered":"Hotel"},"content":{"rendered":"\t\t<div data-elementor-type=\"wp-page\" data-elementor-id=\"4495\" class=\"elementor elementor-4495 elementor-1096\" data-elementor-post-type=\"page\">\n\t\t\t\t\t\t<section class=\"elementor-section elementor-top-section elementor-element elementor-element-6f224e2 elementor-section-height-min-height elementor-section-boxed elementor-section-height-default elementor-section-items-middle\" data-id=\"6f224e2\" data-element_type=\"section\" data-settings=\"{&quot;background_background&quot;:&quot;classic&quot;}\">\n\t\t\t\t\t\t<div class=\"elementor-container elementor-column-gap-default\">\n\t\t\t\t\t<div class=\"elementor-column elementor-col-100 elementor-top-column elementor-element elementor-element-c2b85b0\" data-id=\"c2b85b0\" data-element_type=\"column\">\n\t\t\t<div class=\"elementor-widget-wrap\">\n\t\t\t\t\t\t\t<\/div>\n\t\t<\/div>\n\t\t\t\t\t<\/div>\n\t\t<\/section>\n\t\t\t\t<section class=\"elementor-section elementor-top-section elementor-element elementor-element-aa089c9 elementor-section-boxed elementor-section-height-default elementor-section-height-default\" data-id=\"aa089c9\" data-element_type=\"section\" data-settings=\"{&quot;background_background&quot;:&quot;classic&quot;}\">\n\t\t\t\t\t\t<div class=\"elementor-container elementor-column-gap-default\">\n\t\t\t\t\t<div class=\"elementor-column elementor-col-100 elementor-top-column elementor-element elementor-element-29152d3\" data-id=\"29152d3\" data-element_type=\"column\">\n\t\t\t<div class=\"elementor-widget-wrap elementor-element-populated\">\n\t\t\t\t\t\t<div class=\"elementor-element elementor-element-956e924 elementor-widget__width-auto elementor-hidden-tablet elementor-hidden-mobile elementor-widget-divider--view-line elementor-widget elementor-widget-divider\" data-id=\"956e924\" data-element_type=\"widget\" data-widget_type=\"divider.default\">\n\t\t\t\t<div class=\"elementor-widget-container\">\n\t\t\t\t\t\t\t<div class=\"elementor-divider\">\n\t\t\t<span class=\"elementor-divider-separator\">\n\t\t\t\t\t\t<\/span>\n\t\t<\/div>\n\t\t\t\t\t\t<\/div>\n\t\t\t\t<\/div>\n\t\t\t\t<div class=\"elementor-element elementor-element-0ad63e2 elementor-widget__width-auto elementor-widget elementor-widget-heading\" data-id=\"0ad63e2\" data-element_type=\"widget\" data-widget_type=\"heading.default\">\n\t\t\t\t<div class=\"elementor-widget-container\">\n\t\t\t\t\t<h1 class=\"elementor-heading-title elementor-size-default\">Al Manthia Hotel   <\/h1>\t\t\t\t<\/div>\n\t\t\t\t<\/div>\n\t\t\t\t\t<\/div>\n\t\t<\/div>\n\t\t\t\t\t<\/div>\n\t\t<\/section>\n\t\t\t\t<section class=\"elementor-section elementor-top-section elementor-element elementor-element-20ccd7b elementor-section-content-middle elementor-section-boxed elementor-section-height-default elementor-section-height-default\" data-id=\"20ccd7b\" data-element_type=\"section\" data-settings=\"{&quot;background_background&quot;:&quot;classic&quot;}\">\n\t\t\t\t\t\t<div class=\"elementor-container elementor-column-gap-no\">\n\t\t\t\t\t<div class=\"elementor-column elementor-col-50 elementor-top-column elementor-element elementor-element-ccc226d\" data-id=\"ccc226d\" data-element_type=\"column\">\n\t\t\t<div class=\"elementor-widget-wrap elementor-element-populated\">\n\t\t\t\t\t\t<div class=\"elementor-element elementor-element-d184c51 elementor-widget elementor-widget-heading\" data-id=\"d184c51\" data-element_type=\"widget\" data-widget_type=\"heading.default\">\n\t\t\t\t<div class=\"elementor-widget-container\">\n\t\t\t\t\t<h4 class=\"elementor-heading-title elementor-size-default\">Ein Aufenthalt im authentischen Herzen Roms<\/h4>\t\t\t\t<\/div>\n\t\t\t\t<\/div>\n\t\t\t\t<div class=\"elementor-element elementor-element-321079d elementor-widget elementor-widget-text-editor\" data-id=\"321079d\" data-element_type=\"widget\" data-widget_type=\"text-editor.default\">\n\t\t\t\t<div class=\"elementor-widget-container\">\n\t\t\t\t\t\t\t\t\t<p>Zwischen der eindrucksvollen <strong>Spanischen Treppe<\/strong> und dem ber\u00fchmten <strong>Trevi-Brunnen<\/strong> begr\u00fc\u00dft Sie das Al Manthia Hotel an einem <strong>einzigartigen Ort<\/strong>, an dem die zeitlose <strong>Sch\u00f6nheit Roms<\/strong> auf modernes Design und zeitgen\u00f6ssische Eleganz trifft.<\/p><p>Unsere sorgf\u00e4ltig eingerichteten Zimmer bieten Komfort und Stil in einer entspannten und eleganten Atmosph\u00e4re \u2013 ideal, um nach einem Tag voller Kunst, Shopping und Kultur neue Kraft zu tanken. Ob Sie gesch\u00e4ftlich oder privat in Rom sind, hier finden Sie die perfekte Balance zwischen Funktionalit\u00e4t und Charme.<\/p><p>Das Al Manthia Hotel ist viel mehr als nur ein Hotel: Es ist ein Erlebnis im pulsierenden <strong>Herzen der Ewigen Stadt<\/strong>.<\/p><p>Wir freuen uns, Sie mit unserer typischen italienischen Gastfreundschaft zu begr\u00fc\u00dfen und jeden Aufenthalt zu einem unvergesslichen Erlebnis zu machen.<\/p>\t\t\t\t\t\t\t\t<\/div>\n\t\t\t\t<\/div>\n\t\t\t\t\t<\/div>\n\t\t<\/div>\n\t\t\t\t<div class=\"elementor-column elementor-col-50 elementor-top-column elementor-element elementor-element-f1bb709\" data-id=\"f1bb709\" data-element_type=\"column\">\n\t\t\t<div class=\"elementor-widget-wrap elementor-element-populated\">\n\t\t\t\t\t\t<section class=\"elementor-section elementor-inner-section elementor-element elementor-element-cfc34fe elementor-section-full_width elementor-section-height-default elementor-section-height-default\" data-id=\"cfc34fe\" data-element_type=\"section\">\n\t\t\t\t\t\t<div class=\"elementor-container elementor-column-gap-narrow\">\n\t\t\t\t\t<div class=\"elementor-column elementor-col-50 elementor-inner-column elementor-element elementor-element-13744d9\" data-id=\"13744d9\" data-element_type=\"column\">\n\t\t\t<div class=\"elementor-widget-wrap elementor-element-populated\">\n\t\t\t\t\t\t<div class=\"elementor-element elementor-element-6682d4b elementor-widget elementor-widget-image\" data-id=\"6682d4b\" data-element_type=\"widget\" data-widget_type=\"image.default\">\n\t\t\t\t<div class=\"elementor-widget-container\">\n\t\t\t\t\t\t\t\t\t\t\t\t\t\t\t<img loading=\"lazy\" decoding=\"async\" width=\"605\" height=\"605\" src=\"https:\/\/almanthiahotel.com\/wp-content\/uploads\/2025\/08\/Al-Manthia-24-605x605.webp\" class=\"attachment-th_img_md_square size-th_img_md_square wp-image-4499\" alt=\"\" srcset=\"https:\/\/almanthiahotel.com\/wp-content\/uploads\/2025\/08\/Al-Manthia-24-605x605.webp 605w, https:\/\/almanthiahotel.com\/wp-content\/uploads\/2025\/08\/Al-Manthia-24-300x300.webp 300w, https:\/\/almanthiahotel.com\/wp-content\/uploads\/2025\/08\/Al-Manthia-24-150x150.webp 150w, https:\/\/almanthiahotel.com\/wp-content\/uploads\/2025\/08\/Al-Manthia-24-768x768.webp 768w, https:\/\/almanthiahotel.com\/wp-content\/uploads\/2025\/08\/Al-Manthia-24-80x80.webp 80w, https:\/\/almanthiahotel.com\/wp-content\/uploads\/2025\/08\/Al-Manthia-24-394x394.webp 394w, https:\/\/almanthiahotel.com\/wp-content\/uploads\/2025\/08\/Al-Manthia-24-303x303.webp 303w, https:\/\/almanthiahotel.com\/wp-content\/uploads\/2025\/08\/Al-Manthia-24-700x700.webp 700w, https:\/\/almanthiahotel.com\/wp-content\/uploads\/2025\/08\/Al-Manthia-24-950x950.webp 950w, https:\/\/almanthiahotel.com\/wp-content\/uploads\/2025\/08\/Al-Manthia-24-100x100.webp 100w, https:\/\/almanthiahotel.com\/wp-content\/uploads\/2025\/08\/Al-Manthia-24.webp 1020w\" sizes=\"auto, (max-width: 605px) 100vw, 605px\" \/>\t\t\t\t\t\t\t\t\t\t\t\t\t\t\t<\/div>\n\t\t\t\t<\/div>\n\t\t\t\t\t<\/div>\n\t\t<\/div>\n\t\t\t\t<div class=\"elementor-column elementor-col-50 elementor-inner-column elementor-element elementor-element-1df6dee\" data-id=\"1df6dee\" data-element_type=\"column\">\n\t\t\t<div class=\"elementor-widget-wrap elementor-element-populated\">\n\t\t\t\t\t\t<div class=\"elementor-element elementor-element-a1a46e9 elementor-widget elementor-widget-image\" data-id=\"a1a46e9\" data-element_type=\"widget\" data-widget_type=\"image.default\">\n\t\t\t\t<div class=\"elementor-widget-container\">\n\t\t\t\t\t\t\t\t\t\t\t\t\t\t\t<img loading=\"lazy\" decoding=\"async\" width=\"605\" height=\"605\" src=\"https:\/\/almanthiahotel.com\/wp-content\/uploads\/2025\/08\/Quadrupla-Mini-7-605x605.webp\" class=\"attachment-th_img_md_square size-th_img_md_square wp-image-4500\" alt=\"\" srcset=\"https:\/\/almanthiahotel.com\/wp-content\/uploads\/2025\/08\/Quadrupla-Mini-7-605x605.webp 605w, https:\/\/almanthiahotel.com\/wp-content\/uploads\/2025\/08\/Quadrupla-Mini-7-300x300.webp 300w, https:\/\/almanthiahotel.com\/wp-content\/uploads\/2025\/08\/Quadrupla-Mini-7-150x150.webp 150w, https:\/\/almanthiahotel.com\/wp-content\/uploads\/2025\/08\/Quadrupla-Mini-7-768x768.webp 768w, https:\/\/almanthiahotel.com\/wp-content\/uploads\/2025\/08\/Quadrupla-Mini-7-80x80.webp 80w, https:\/\/almanthiahotel.com\/wp-content\/uploads\/2025\/08\/Quadrupla-Mini-7-394x394.webp 394w, https:\/\/almanthiahotel.com\/wp-content\/uploads\/2025\/08\/Quadrupla-Mini-7-303x303.webp 303w, https:\/\/almanthiahotel.com\/wp-content\/uploads\/2025\/08\/Quadrupla-Mini-7-700x700.webp 700w, https:\/\/almanthiahotel.com\/wp-content\/uploads\/2025\/08\/Quadrupla-Mini-7-950x950.webp 950w, https:\/\/almanthiahotel.com\/wp-content\/uploads\/2025\/08\/Quadrupla-Mini-7-100x100.webp 100w, https:\/\/almanthiahotel.com\/wp-content\/uploads\/2025\/08\/Quadrupla-Mini-7.webp 1020w\" sizes=\"auto, (max-width: 605px) 100vw, 605px\" \/>\t\t\t\t\t\t\t\t\t\t\t\t\t\t\t<\/div>\n\t\t\t\t<\/div>\n\t\t\t\t\t<\/div>\n\t\t<\/div>\n\t\t\t\t\t<\/div>\n\t\t<\/section>\n\t\t\t\t<section class=\"elementor-section elementor-inner-section elementor-element elementor-element-119c3a0 elementor-section-full_width elementor-section-height-default elementor-section-height-default\" data-id=\"119c3a0\" data-element_type=\"section\">\n\t\t\t\t\t\t<div class=\"elementor-container elementor-column-gap-narrow\">\n\t\t\t\t\t<div class=\"elementor-column elementor-col-50 elementor-inner-column elementor-element elementor-element-08017b9\" data-id=\"08017b9\" data-element_type=\"column\">\n\t\t\t<div class=\"elementor-widget-wrap elementor-element-populated\">\n\t\t\t\t\t\t<div class=\"elementor-element elementor-element-dcbb115 elementor-widget elementor-widget-image\" data-id=\"dcbb115\" data-element_type=\"widget\" data-widget_type=\"image.default\">\n\t\t\t\t<div class=\"elementor-widget-container\">\n\t\t\t\t\t\t\t\t\t\t\t\t\t\t\t<img loading=\"lazy\" decoding=\"async\" width=\"605\" height=\"605\" src=\"https:\/\/almanthiahotel.com\/wp-content\/uploads\/2025\/08\/Junior-Suite-vista-San-Pietro-Mini-18-605x605.webp\" class=\"attachment-th_img_md_square size-th_img_md_square wp-image-4501\" alt=\"\" srcset=\"https:\/\/almanthiahotel.com\/wp-content\/uploads\/2025\/08\/Junior-Suite-vista-San-Pietro-Mini-18-605x605.webp 605w, https:\/\/almanthiahotel.com\/wp-content\/uploads\/2025\/08\/Junior-Suite-vista-San-Pietro-Mini-18-300x300.webp 300w, https:\/\/almanthiahotel.com\/wp-content\/uploads\/2025\/08\/Junior-Suite-vista-San-Pietro-Mini-18-150x150.webp 150w, https:\/\/almanthiahotel.com\/wp-content\/uploads\/2025\/08\/Junior-Suite-vista-San-Pietro-Mini-18-768x768.webp 768w, https:\/\/almanthiahotel.com\/wp-content\/uploads\/2025\/08\/Junior-Suite-vista-San-Pietro-Mini-18-80x80.webp 80w, https:\/\/almanthiahotel.com\/wp-content\/uploads\/2025\/08\/Junior-Suite-vista-San-Pietro-Mini-18-394x394.webp 394w, https:\/\/almanthiahotel.com\/wp-content\/uploads\/2025\/08\/Junior-Suite-vista-San-Pietro-Mini-18-303x303.webp 303w, https:\/\/almanthiahotel.com\/wp-content\/uploads\/2025\/08\/Junior-Suite-vista-San-Pietro-Mini-18-700x700.webp 700w, https:\/\/almanthiahotel.com\/wp-content\/uploads\/2025\/08\/Junior-Suite-vista-San-Pietro-Mini-18-950x950.webp 950w, https:\/\/almanthiahotel.com\/wp-content\/uploads\/2025\/08\/Junior-Suite-vista-San-Pietro-Mini-18-100x100.webp 100w, https:\/\/almanthiahotel.com\/wp-content\/uploads\/2025\/08\/Junior-Suite-vista-San-Pietro-Mini-18.webp 1020w\" sizes=\"auto, (max-width: 605px) 100vw, 605px\" \/>\t\t\t\t\t\t\t\t\t\t\t\t\t\t\t<\/div>\n\t\t\t\t<\/div>\n\t\t\t\t\t<\/div>\n\t\t<\/div>\n\t\t\t\t<div class=\"elementor-column elementor-col-50 elementor-inner-column elementor-element elementor-element-c6446f5\" data-id=\"c6446f5\" data-element_type=\"column\">\n\t\t\t<div class=\"elementor-widget-wrap elementor-element-populated\">\n\t\t\t\t\t\t<div class=\"elementor-element elementor-element-9dbf8f7 elementor-widget elementor-widget-image\" data-id=\"9dbf8f7\" data-element_type=\"widget\" data-widget_type=\"image.default\">\n\t\t\t\t<div class=\"elementor-widget-container\">\n\t\t\t\t\t\t\t\t\t\t\t\t\t\t\t<img loading=\"lazy\" decoding=\"async\" width=\"605\" height=\"605\" src=\"https:\/\/almanthiahotel.com\/wp-content\/uploads\/2025\/08\/Superior-Mini-Hotel-6-605x605.webp\" class=\"attachment-th_img_md_square size-th_img_md_square wp-image-4498\" alt=\"\" srcset=\"https:\/\/almanthiahotel.com\/wp-content\/uploads\/2025\/08\/Superior-Mini-Hotel-6-605x605.webp 605w, https:\/\/almanthiahotel.com\/wp-content\/uploads\/2025\/08\/Superior-Mini-Hotel-6-300x300.webp 300w, https:\/\/almanthiahotel.com\/wp-content\/uploads\/2025\/08\/Superior-Mini-Hotel-6-150x150.webp 150w, https:\/\/almanthiahotel.com\/wp-content\/uploads\/2025\/08\/Superior-Mini-Hotel-6-768x768.webp 768w, https:\/\/almanthiahotel.com\/wp-content\/uploads\/2025\/08\/Superior-Mini-Hotel-6-80x80.webp 80w, https:\/\/almanthiahotel.com\/wp-content\/uploads\/2025\/08\/Superior-Mini-Hotel-6-394x394.webp 394w, https:\/\/almanthiahotel.com\/wp-content\/uploads\/2025\/08\/Superior-Mini-Hotel-6-303x303.webp 303w, https:\/\/almanthiahotel.com\/wp-content\/uploads\/2025\/08\/Superior-Mini-Hotel-6-700x700.webp 700w, https:\/\/almanthiahotel.com\/wp-content\/uploads\/2025\/08\/Superior-Mini-Hotel-6-950x950.webp 950w, https:\/\/almanthiahotel.com\/wp-content\/uploads\/2025\/08\/Superior-Mini-Hotel-6-100x100.webp 100w, https:\/\/almanthiahotel.com\/wp-content\/uploads\/2025\/08\/Superior-Mini-Hotel-6.webp 1020w\" sizes=\"auto, (max-width: 605px) 100vw, 605px\" \/>\t\t\t\t\t\t\t\t\t\t\t\t\t\t\t<\/div>\n\t\t\t\t<\/div>\n\t\t\t\t\t<\/div>\n\t\t<\/div>\n\t\t\t\t\t<\/div>\n\t\t<\/section>\n\t\t\t\t\t<\/div>\n\t\t<\/div>\n\t\t\t\t\t<\/div>\n\t\t<\/section>\n\t\t\t\t<\/div>\n\t\t","protected":false},"excerpt":{"rendered":"<p>Al Manthia Hotel Ein Aufenthalt im authentischen Herzen Roms Zwischen der eindrucksvollen Spanischen Treppe und dem ber\u00fchmten Trevi-Brunnen begr\u00fc\u00dft Sie das Al Manthia Hotel an einem einzigartigen Ort, an dem die zeitlose Sch\u00f6nheit Roms auf modernes Design und zeitgen\u00f6ssische Eleganz &hellip; <a href=\"https:\/\/almanthiahotel.com\/de\/hotel\/\">Read More<\/a><\/p>\n","protected":false},"author":1,"featured_media":4544,"parent":0,"menu_order":0,"comment_status":"closed","ping_status":"closed","template":"","meta":{"footnotes":""},"class_list":["post-4495","page","type-page","status-publish","has-post-thumbnail","hentry"],"yoast_head":"<!-- This site is optimized with the Yoast SEO plugin v25.5 - https:\/\/yoast.com\/wordpress\/plugins\/seo\/ -->\n<title>Stil, Komfort &amp; Premium-Cocktails im Zentrum von Rom<\/title>\n<meta name=\"description\" content=\"Erleben Sie die elegante Atmosph\u00e4re des Almanthia Hotels. Entspannen Sie in einem liebevoll gestalteten Lounge-Bereich.\" \/>\n<meta name=\"robots\" content=\"index, follow, max-snippet:-1, max-image-preview:large, max-video-preview:-1\" \/>\n<link rel=\"canonical\" href=\"https:\/\/almanthiahotel.com\/de\/hotel\/\" \/>\n<meta property=\"og:locale\" content=\"de_DE\" \/>\n<meta property=\"og:type\" content=\"article\" \/>\n<meta property=\"og:title\" content=\"Stil, Komfort &amp; Premium-Cocktails im Zentrum von Rom\" \/>\n<meta property=\"og:description\" content=\"Erleben Sie die elegante Atmosph\u00e4re des Almanthia Hotels. Entspannen Sie in einem liebevoll gestalteten Lounge-Bereich.\" \/>\n<meta property=\"og:url\" content=\"https:\/\/almanthiahotel.com\/de\/hotel\/\" \/>\n<meta property=\"og:site_name\" content=\"Almanthia Hotel Roma\" \/>\n<meta property=\"article:publisher\" content=\"https:\/\/www.facebook.com\/share\/171KRLS1ea\/?mibextid=wwXIfr\" \/>\n<meta property=\"article:modified_time\" content=\"2025-11-26T10:44:50+00:00\" \/>\n<meta property=\"og:image\" content=\"https:\/\/almanthiahotel.com\/wp-content\/uploads\/2021\/10\/logo-almanthia.webp\" \/>\n\t<meta property=\"og:image:width\" content=\"500\" \/>\n\t<meta property=\"og:image:height\" content=\"345\" \/>\n\t<meta property=\"og:image:type\" content=\"image\/webp\" \/>\n<meta name=\"twitter:card\" content=\"summary_large_image\" \/>\n<meta name=\"twitter:label1\" content=\"Gesch\u00e4tzte Lesezeit\" \/>\n\t<meta name=\"twitter:data1\" content=\"2\u00a0Minuten\" \/>\n<script type=\"application\/ld+json\" class=\"yoast-schema-graph\">{\"@context\":\"https:\/\/schema.org\",\"@graph\":[{\"@type\":\"WebPage\",\"@id\":\"https:\/\/almanthiahotel.com\/de\/hotel\/\",\"url\":\"https:\/\/almanthiahotel.com\/de\/hotel\/\",\"name\":\"Stil, Komfort & Premium-Cocktails im Zentrum von Rom\",\"isPartOf\":{\"@id\":\"https:\/\/almanthiahotel.com\/de\/#website\"},\"primaryImageOfPage\":{\"@id\":\"https:\/\/almanthiahotel.com\/de\/hotel\/#primaryimage\"},\"image\":{\"@id\":\"https:\/\/almanthiahotel.com\/de\/hotel\/#primaryimage\"},\"thumbnailUrl\":\"https:\/\/almanthiahotel.com\/wp-content\/uploads\/2021\/10\/logo-almanthia.webp\",\"datePublished\":\"2025-06-19T13:28:11+00:00\",\"dateModified\":\"2025-11-26T10:44:50+00:00\",\"description\":\"Erleben Sie die elegante Atmosph\u00e4re des Almanthia Hotels. Entspannen Sie in einem liebevoll gestalteten Lounge-Bereich.\",\"breadcrumb\":{\"@id\":\"https:\/\/almanthiahotel.com\/de\/hotel\/#breadcrumb\"},\"inLanguage\":\"de\",\"potentialAction\":[{\"@type\":\"ReadAction\",\"target\":[\"https:\/\/almanthiahotel.com\/de\/hotel\/\"]}]},{\"@type\":\"ImageObject\",\"inLanguage\":\"de\",\"@id\":\"https:\/\/almanthiahotel.com\/de\/hotel\/#primaryimage\",\"url\":\"https:\/\/almanthiahotel.com\/wp-content\/uploads\/2021\/10\/logo-almanthia.webp\",\"contentUrl\":\"https:\/\/almanthiahotel.com\/wp-content\/uploads\/2021\/10\/logo-almanthia.webp\",\"width\":500,\"height\":345},{\"@type\":\"BreadcrumbList\",\"@id\":\"https:\/\/almanthiahotel.com\/de\/hotel\/#breadcrumb\",\"itemListElement\":[{\"@type\":\"ListItem\",\"position\":1,\"name\":\"Home\",\"item\":\"https:\/\/almanthiahotel.com\/de\/home-3\/\"},{\"@type\":\"ListItem\",\"position\":2,\"name\":\"Hotel\"}]},{\"@type\":\"WebSite\",\"@id\":\"https:\/\/almanthiahotel.com\/de\/#website\",\"url\":\"https:\/\/almanthiahotel.com\/de\/\",\"name\":\"Al Manthia Hotel a Roma\",\"description\":\"\",\"publisher\":{\"@id\":\"https:\/\/almanthiahotel.com\/de\/#organization\"},\"potentialAction\":[{\"@type\":\"SearchAction\",\"target\":{\"@type\":\"EntryPoint\",\"urlTemplate\":\"https:\/\/almanthiahotel.com\/de\/?s={search_term_string}\"},\"query-input\":{\"@type\":\"PropertyValueSpecification\",\"valueRequired\":true,\"valueName\":\"search_term_string\"}}],\"inLanguage\":\"de\"},{\"@type\":\"Organization\",\"@id\":\"https:\/\/almanthiahotel.com\/de\/#organization\",\"name\":\"Al Manthia Hotel a Roma\",\"url\":\"https:\/\/almanthiahotel.com\/de\/\",\"logo\":{\"@type\":\"ImageObject\",\"inLanguage\":\"de\",\"@id\":\"https:\/\/almanthiahotel.com\/de\/#\/schema\/logo\/image\/\",\"url\":\"https:\/\/almanthiahotel.com\/wp-content\/uploads\/2021\/10\/logo-almanthia.webp\",\"contentUrl\":\"https:\/\/almanthiahotel.com\/wp-content\/uploads\/2021\/10\/logo-almanthia.webp\",\"width\":500,\"height\":345,\"caption\":\"Al Manthia Hotel a Roma\"},\"image\":{\"@id\":\"https:\/\/almanthiahotel.com\/de\/#\/schema\/logo\/image\/\"},\"sameAs\":[\"https:\/\/www.facebook.com\/share\/171KRLS1ea\/?mibextid=wwXIfr\",\"https:\/\/www.instagram.com\/almanthia.hotel?igsh=enI2ZG5sNXJsNXg4&utm_source=qr\"]}]}<\/script>\n<!-- \/ Yoast SEO plugin. -->","yoast_head_json":{"title":"Stil, Komfort & Premium-Cocktails im Zentrum von Rom","description":"Erleben Sie die elegante Atmosph\u00e4re des Almanthia Hotels. Entspannen Sie in einem liebevoll gestalteten Lounge-Bereich.","robots":{"index":"index","follow":"follow","max-snippet":"max-snippet:-1","max-image-preview":"max-image-preview:large","max-video-preview":"max-video-preview:-1"},"canonical":"https:\/\/almanthiahotel.com\/de\/hotel\/","og_locale":"de_DE","og_type":"article","og_title":"Stil, Komfort & Premium-Cocktails im Zentrum von Rom","og_description":"Erleben Sie die elegante Atmosph\u00e4re des Almanthia Hotels. Entspannen Sie in einem liebevoll gestalteten Lounge-Bereich.","og_url":"https:\/\/almanthiahotel.com\/de\/hotel\/","og_site_name":"Almanthia Hotel Roma","article_publisher":"https:\/\/www.facebook.com\/share\/171KRLS1ea\/?mibextid=wwXIfr","article_modified_time":"2025-11-26T10:44:50+00:00","og_image":[{"width":500,"height":345,"url":"https:\/\/almanthiahotel.com\/wp-content\/uploads\/2021\/10\/logo-almanthia.webp","type":"image\/webp"}],"twitter_card":"summary_large_image","twitter_misc":{"Gesch\u00e4tzte Lesezeit":"2\u00a0Minuten"},"schema":{"@context":"https:\/\/schema.org","@graph":[{"@type":"WebPage","@id":"https:\/\/almanthiahotel.com\/de\/hotel\/","url":"https:\/\/almanthiahotel.com\/de\/hotel\/","name":"Stil, Komfort & Premium-Cocktails im Zentrum von Rom","isPartOf":{"@id":"https:\/\/almanthiahotel.com\/de\/#website"},"primaryImageOfPage":{"@id":"https:\/\/almanthiahotel.com\/de\/hotel\/#primaryimage"},"image":{"@id":"https:\/\/almanthiahotel.com\/de\/hotel\/#primaryimage"},"thumbnailUrl":"https:\/\/almanthiahotel.com\/wp-content\/uploads\/2021\/10\/logo-almanthia.webp","datePublished":"2025-06-19T13:28:11+00:00","dateModified":"2025-11-26T10:44:50+00:00","description":"Erleben Sie die elegante Atmosph\u00e4re des Almanthia Hotels. Entspannen Sie in einem liebevoll gestalteten Lounge-Bereich.","breadcrumb":{"@id":"https:\/\/almanthiahotel.com\/de\/hotel\/#breadcrumb"},"inLanguage":"de","potentialAction":[{"@type":"ReadAction","target":["https:\/\/almanthiahotel.com\/de\/hotel\/"]}]},{"@type":"ImageObject","inLanguage":"de","@id":"https:\/\/almanthiahotel.com\/de\/hotel\/#primaryimage","url":"https:\/\/almanthiahotel.com\/wp-content\/uploads\/2021\/10\/logo-almanthia.webp","contentUrl":"https:\/\/almanthiahotel.com\/wp-content\/uploads\/2021\/10\/logo-almanthia.webp","width":500,"height":345},{"@type":"BreadcrumbList","@id":"https:\/\/almanthiahotel.com\/de\/hotel\/#breadcrumb","itemListElement":[{"@type":"ListItem","position":1,"name":"Home","item":"https:\/\/almanthiahotel.com\/de\/home-3\/"},{"@type":"ListItem","position":2,"name":"Hotel"}]},{"@type":"WebSite","@id":"https:\/\/almanthiahotel.com\/de\/#website","url":"https:\/\/almanthiahotel.com\/de\/","name":"Al Manthia Hotel a Roma","description":"","publisher":{"@id":"https:\/\/almanthiahotel.com\/de\/#organization"},"potentialAction":[{"@type":"SearchAction","target":{"@type":"EntryPoint","urlTemplate":"https:\/\/almanthiahotel.com\/de\/?s={search_term_string}"},"query-input":{"@type":"PropertyValueSpecification","valueRequired":true,"valueName":"search_term_string"}}],"inLanguage":"de"},{"@type":"Organization","@id":"https:\/\/almanthiahotel.com\/de\/#organization","name":"Al Manthia Hotel a Roma","url":"https:\/\/almanthiahotel.com\/de\/","logo":{"@type":"ImageObject","inLanguage":"de","@id":"https:\/\/almanthiahotel.com\/de\/#\/schema\/logo\/image\/","url":"https:\/\/almanthiahotel.com\/wp-content\/uploads\/2021\/10\/logo-almanthia.webp","contentUrl":"https:\/\/almanthiahotel.com\/wp-content\/uploads\/2021\/10\/logo-almanthia.webp","width":500,"height":345,"caption":"Al Manthia Hotel a Roma"},"image":{"@id":"https:\/\/almanthiahotel.com\/de\/#\/schema\/logo\/image\/"},"sameAs":["https:\/\/www.facebook.com\/share\/171KRLS1ea\/?mibextid=wwXIfr","https:\/\/www.instagram.com\/almanthia.hotel?igsh=enI2ZG5sNXJsNXg4&utm_source=qr"]}]}},"jetpack_sharing_enabled":true,"_links":{"self":[{"href":"https:\/\/almanthiahotel.com\/de\/wp-json\/wp\/v2\/pages\/4495","targetHints":{"allow":["GET"]}}],"collection":[{"href":"https:\/\/almanthiahotel.com\/de\/wp-json\/wp\/v2\/pages"}],"about":[{"href":"https:\/\/almanthiahotel.com\/de\/wp-json\/wp\/v2\/types\/page"}],"author":[{"embeddable":true,"href":"https:\/\/almanthiahotel.com\/de\/wp-json\/wp\/v2\/users\/1"}],"replies":[{"embeddable":true,"href":"https:\/\/almanthiahotel.com\/de\/wp-json\/wp\/v2\/comments?post=4495"}],"version-history":[{"count":4,"href":"https:\/\/almanthiahotel.com\/de\/wp-json\/wp\/v2\/pages\/4495\/revisions"}],"predecessor-version":[{"id":4504,"href":"https:\/\/almanthiahotel.com\/de\/wp-json\/wp\/v2\/pages\/4495\/revisions\/4504"}],"wp:featuredmedia":[{"embeddable":true,"href":"https:\/\/almanthiahotel.com\/de\/wp-json\/wp\/v2\/media\/4544"}],"wp:attachment":[{"href":"https:\/\/almanthiahotel.com\/de\/wp-json\/wp\/v2\/media?parent=4495"}],"curies":[{"name":"wp","href":"https:\/\/api.w.org\/{rel}","templated":true}]}}